{"id":4604,"date":"2021-01-08T12:20:59","date_gmt":"2021-01-08T12:20:59","guid":{"rendered":"https:\/\/bluesinwijk.nl\/sponsors\/"},"modified":"2021-01-20T09:10:31","modified_gmt":"2021-01-20T09:10:31","slug":"sponsors","status":"publish","type":"page","link":"https:\/\/bluesinwijk.nl\/en\/sponsors\/","title":{"rendered":"Sponsors"},"content":{"rendered":"<p style=\"text-align: left;\"><strong><span style=\"color: #e04922;\">BLUES<\/span>in<span style=\"color: #e04922;\">WIJK <\/span><\/strong>is supported by more than 20 sponsors in the form of individuals, organisations and companies providing financial and\/or material assistance such as printing, graphic design, communication and advertising advice, housing, financial and administrative advice and assistance, website construction and support.\u00a0Sponsors appear with their logo and a link to their own website on our sponsor page, on flyers and access banners.<\/p>\n<p style=\"text-align: left;\"><b> Do you also want to become a sponsor? <\/b>Click <a href=\"https:\/\/bluesinwijk.nl\/en\/become-sponsor\/\">here<\/a> for the possibilities and give us a call 0031343574084 (Arie Verheul, chairman).\u00a0\u00a0We are happy to come and talk to you.<\/p>\n<p style=\"text-align: left;\"><span style=\"font-size: 12pt;\"><span style=\"font-size: 12pt;\"><img decoding=\"async\" class=\" wp-image-4585 alignleft\" src=\"https:\/\/bluesinwijk.nl\/wp-content\/uploads\/2020\/12\/agri-parts-150x150.jpg\" alt=\"\" width=\"177\" height=\"177\" srcset=\"https:\/\/bluesinwijk.nl\/wp-content\/uploads\/2020\/12\/agri-parts-150x150.jpg 150w, https:\/\/bluesinwijk.nl\/wp-content\/uploads\/2020\/12\/agri-parts-100x100.jpg 100w\" sizes=\"(max-width: 177px) 100vw, 177px\" \/>It is obvious that the tractors and parts of Mark and Goitzen Meindertsma from Kapel -Avezaath have no connection to the Blues.\u00a0However, we do enjoy the music and festivities that the Blues in Wijk has been organising for 10 years.\u00a0The sponsorship is therefore a pleasure for us to encourage the BluesinWijk with their active organisation.\u00a0Success and to Blues.\u00a0<\/span><span style=\"font-size: 12pt;\"><a href=\"http:\/\/www.agri-parts.nl\">Agri-Parts<\/a> is the Dutch market leader for used tractor and telescopic handler parts.\u00a0We have been a trusted partner for European agricultural mechanisation for over 60 years.\u00a0We are also active outside Europe in the purchase and sale of parts and damaged vehicles.\u00a0Through our worldwide network, Agri-Parts can also offer interesting exchange and aftermarket parts.\u00a0<\/span><\/span><\/p>\n<p>&nbsp;<\/p>\n<p><span style=\"font-size: 12pt;\"><img decoding=\"async\" class=\" wp-image-4584 alignleft\" src=\"https:\/\/bluesinwijk.nl\/wp-content\/uploads\/2020\/12\/PodiumdoekKRAATS-150x150.jpg\" alt=\"\" width=\"173\" height=\"173\" srcset=\"https:\/\/bluesinwijk.nl\/wp-content\/uploads\/2020\/12\/PodiumdoekKRAATS-150x150.jpg 150w, https:\/\/bluesinwijk.nl\/wp-content\/uploads\/2020\/12\/PodiumdoekKRAATS-100x100.jpg 100w\" sizes=\"(max-width: 173px) 100vw, 173px\" \/> van de Kraats lives and works in Driebergen.\u00a0He is the owner of a <\/span>contracting company.<span style=\"font-size: 12pt;\">,\u00a0a true blues lover, fan of Cuby and <\/span><a style=\"font-size: 12pt;\" href=\"http:\/\/www.willemvandekraatsfotografie.nl\">photographer.<\/a><span style=\"font-size: 12pt;\">\u00a0He exhibited his blues photos in 2010 in the Wijkse town hall and in April 2012 in the Wijkse cafe ome Ko.\u00a0In 2014 he surprised us with a number of large format photos of blues musicians who played with us in the past 5 years and a beautiful <\/span><a style=\"font-size: 12pt;\" href=\"https:\/\/bluesinwijk.nl\/en\/photo-book-5-years-bluesinwijk\/\">photo book<\/a><span style=\"font-size: 12pt;\">. Willem joined the board in 2016 and in 2019 he came up with the idea of creating a <a href=\"https:\/\/bluesinwijk.nl\/en\/jubilum-newspaper-2009-2019\/\">anniversary newspaper <\/a> for our 10th anniversary to publish.<\/span><\/p>\n<p>&nbsp;<\/p>\n<p><span style=\"font-size: 12pt;\">Als<a style=\"text-align: center;\" href=\"http:\/\/administratiekantoorhouten.com\"><img decoding=\"async\" class=\"alignleft\" src=\"https:\/\/bluesinwijk.nl\/wp-content\/uploads\/bands\/sponsors\/MKB-adv-A6-Blues-cf.jpg\" alt=\"\" width=\"181\" height=\"128\" \/><\/a> We cannot have an independent foundation without proper administration. That is vitally important to us. <a href=\"https:\/\/mkbassist.nl\">MKB Assist<\/a> helps us in the form of sponsorship in kind. They offer us an integrated package of services in the field of administrative support and tax matters. \u00a0Perfectly tailored to our needs. The working method of SMEs is clear and based on personal attention and involvement.\u00a0By making use of their services, we can fully focus on blues-related matters. In addition, this allows us to make substantial cost savings, we are much more flexible in our business operations and we can sit back and relax carefree.<\/span><\/p>\n<p>&nbsp;<\/p>\n<p><img loading=\"lazy\" decoding=\"async\" class=\"wp-image-4587 alignleft\" src=\"https:\/\/bluesinwijk.nl\/wp-content\/uploads\/2020\/12\/LogoColorspace-e1623937196235.jpg\" alt=\"\" width=\"125\" height=\"170\" \/>Jan Arjen de Jong is\u00a0owner of this <a href=\"https:\/\/www.colorspace.nl\/kaarten-drukken?gclid=CjwKCAiAt9z-BRBCEiwA_bWv-H6_R99eZGNhewy9TXOx8fdgB_Mm5_UZbVuL_7c1-Z9_p01c3ZhRfhoCDVYQAvD_BwE\">Wijkse printing house.<\/a><br \/>\nHe supports us with printed matter, such as posters and flyers.<\/p>\n<p>&nbsp;<\/p>\n<p>&nbsp;<\/p>\n<p>&nbsp;<\/p>\n<p style=\"text-align: left;\" data-wp-editing=\"1\"><a href=\"https:\/\/www.plintenenprofielencentrale.nl\"><span style=\"font-size: 12pt;\"><strong><img loading=\"lazy\" decoding=\"async\" class=\"alignleft\" src=\"https:\/\/bluesinwijk.nl\/wp-content\/uploads\/bands\/sponsors\/PPC-Logo-jpeg-klein.jpg\" alt=\"\" width=\"188\" height=\"128\" \/><\/strong><\/span><\/a><\/p>\n<p><a href=\"https:\/\/www.plintenenprofielencentrale.nl\"><span style=\"font-size: 12pt;\">Skirtings and Profiles<\/span> Centrale (PPC)<\/a> was founded in 1999 by Drees Klaassen. What started as a one-man company that supplied edge finishing to floor layers, has grown into a flexible total supplier for parquet installers and other flooring specialists in the Netherlands and Belgium. The head office of the wholesaler in Wijk bij Duurstede stocks all floors in wood, laminate and PVC, edge finishing and products for installation, finishing and maintenance. There are also branches in Amsterdam, The Hague and Eindhoven. Lisa and Peter Klaassen have been managing this (h)real family business together since July 2015. This strives for continuity and currently employs more than 120 people.<\/p>\n<p>&nbsp;<\/p>\n<p><span style=\"font-size: 14pt;\"><a href=\"http:\/\/www.rekke.nl\"><img loading=\"lazy\" decoding=\"async\" class=\"alignleft\" src=\"https:\/\/bluesinwijk.nl\/wp-content\/uploads\/bands\/podiumdoekrekkeklein.jpg\" alt=\"\" width=\"191\" height=\"164\" \/><\/a><\/span>As a company, Design Advice offers more than 40 years of (graphic) knowledge and know-how gained in the design profession. The versatile work experience in printing, publishing, design agency, stand construction and TV company NOS-NOB has resulted in Rekk\u00e9 becoming a designer and communication man in heart and soul. After all these experiences, Rekk\u00e9 consciously chose to work solo from Wijk bij Duurstede in 1999. Rekk\u00e9 can realise everything the client needs in the field of design, from business card to exhibition stand, from brochure to website design. Take a look at the portfolio of \u00a0<a href=\"http:\/\/www.rekke.nl\/\">REKKE.NL. <\/a> Anton Rekk\u00e9 is also a real bluesman. About his cooperation with BLUESinWIJK he says: &#8220;<em>I have known the Bluesmen from the very beginning, because (blues)music is my great passion. After the sudden death of their previous designer Gerard Wissink, I took over the design pencil from him and further developed the communication house style. But we kept Gerard&#8217;s little guitar in the restyled logo. It is extremely pleasant to work with the men from BLUESinWIJK, with their professional approach, and to sponsor design and thus help to raise the BLUES in WIJK bij Duurstede to a very high level, for which I would like to thank the MEN.&#8221;<\/em><\/p>\n<p>&nbsp;<\/p>\n<p><em><a href=\"https:\/\/www.rabobank.nl\/particulieren\/lokalebanken\/kromme-rijnstreek\/\" data-wp-editing=\"1\"><img loading=\"lazy\" decoding=\"async\" class=\"alignleft\" src=\"https:\/\/bluesinwijk.nl\/wp-content\/uploads\/bands\/rabologo.png\" alt=\"\" width=\"160\" height=\"184\" \/><\/a><\/em><\/p>\n<p><a href=\"https:\/\/www.rabobank.nl\/lokale-bank\/rijn-en-heuvelrug\/\">RABO-bank Rijn en Heuvelrug<\/a> \u00a0helps us every year with a financial contribution from their &#8220;Support in the Back&#8221; fund.<\/p>\n<p>&nbsp;<\/p>\n<p>&nbsp;<\/p>\n<p>&nbsp;<\/p>\n<p style=\"text-align: left;\"><a href=\"http:\/\/www.cvandillen.nl\/\" target=\"_blank\" rel=\"noopener noreferrer\"><img loading=\"lazy\" decoding=\"async\" class=\"alignnone\" style=\"border: 3px solid #bbbbbb;\" src=\"https:\/\/bluesinwijk.nl\/wp-content\/uploads\/bands\/images\/BluesInWijk\/Sponsoren\/New\/van_dillen.png\" alt=\"Van Dillen\" width=\"325\" height=\"150\" \/><\/a><\/p>\n<p style=\"text-align: left;\"><a href=\"http:\/\/www.dufloo.com\" target=\"_blank\" rel=\"noopener noreferrer\"><img loading=\"lazy\" decoding=\"async\" class=\"alignnone\" style=\"border: 3px solid #bbbbbb;\" src=\"https:\/\/bluesinwijk.nl\/wp-content\/uploads\/bands\/images\/BluesInWijk\/Sponsoren\/New\/dufloo.png\" alt=\"du Floo\" width=\"325\" height=\"150\" \/><\/a><\/p>\n<p style=\"text-align: left;\"><a href=\"http:\/\/www.hotelbistroflorian.nl\/\" target=\"_blank\" rel=\"noopener noreferrer\"><img loading=\"lazy\" decoding=\"async\" class=\"alignnone\" style=\"border: 3px solid #bbbbbb;\" src=\"https:\/\/bluesinwijk.nl\/wp-content\/uploads\/bands\/images\/BluesInWijk\/Sponsoren\/New\/hotel_bistro_florian.png\" alt=\"Hotel Bistro Florian\" width=\"325\" height=\"150\" \/><\/a><\/p>\n<p style=\"text-align: left;\"><a href=\"https:\/\/www.gall.nl\/winkels\/?search=3962\" target=\"_blank\" rel=\"noopener noreferrer\"><img loading=\"lazy\" decoding=\"async\" class=\"alignnone\" style=\"border: 3px solid #bbbbbb;\" src=\"https:\/\/bluesinwijk.nl\/wp-content\/uploads\/bands\/images\/BluesInWijk\/Sponsoren\/New\/gall_en_gall.png\" alt=\"Gall &amp; Gall\" width=\"325\" height=\"150\" \/><\/a><\/p>\n<p style=\"text-align: left;\"><a href=\"https:\/\/www.gepu.nl\/\" target=\"_blank\" rel=\"noopener noreferrer\"><img loading=\"lazy\" decoding=\"async\" class=\"alignnone\" style=\"border: 3px solid #bbbbbb;\" src=\"https:\/\/bluesinwijk.nl\/wp-content\/uploads\/bands\/images\/BluesInWijk\/Sponsoren\/New\/gepu.png\" alt=\"GEPU\" width=\"325\" height=\"150\" \/><\/a><\/p>\n<p style=\"text-align: left;\"><a href=\"https:\/\/www.go-autoparts.nl\" target=\"_blank\" rel=\"noopener noreferrer\"><img loading=\"lazy\" decoding=\"async\" class=\"alignnone\" style=\"border: 3px solid #bbbbbb;\" src=\"https:\/\/bluesinwijk.nl\/wp-content\/uploads\/bands\/images\/BluesInWijk\/Sponsoren\/New\/go_autoparts.png\" alt=\"Go-Autoparts\" width=\"325\" height=\"150\" \/><\/a><\/p>\n<p style=\"text-align: left;\"><a href=\"http:\/\/www.koselektrotechniek.nl\/\" target=\"_blank\" rel=\"noopener noreferrer\"><img loading=\"lazy\" decoding=\"async\" class=\"alignnone\" style=\"border: 3px solid #bbbbbb;\" src=\"https:\/\/bluesinwijk.nl\/wp-content\/uploads\/bands\/images\/BluesInWijk\/Sponsoren\/New\/kos_elektrotechniek.png\" alt=\"KOS Elektrotechniek\" width=\"325\" height=\"150\" \/><\/a><\/p>\n<p style=\"text-align: left;\"><a href=\"https:\/\/www.schilder-nu.nl\/cothen\/j-w-van-leersum\/\" target=\"_blank\" rel=\"noopener noreferrer\"><img loading=\"lazy\" decoding=\"async\" class=\"alignnone\" style=\"border: 3px solid #bbbbbb;\" src=\"https:\/\/bluesinwijk.nl\/wp-content\/uploads\/bands\/images\/BluesInWijk\/Sponsoren\/New\/SCHILDERSBEDRIJF-VAN-LEERSUM.jpg\" alt=\"van Leersum-schilderen\" width=\"325\" height=\"150\" \/><\/a><\/p>\n<p style=\"text-align: left;\"><a href=\"http:\/\/www.pattyvanrooijen.nl\/\" target=\"_blank\" rel=\"noopener noreferrer\"><img loading=\"lazy\" decoding=\"async\" class=\"alignnone\" style=\"border: 3px solid #bbbbbb;\" src=\"https:\/\/bluesinwijk.nl\/wp-content\/uploads\/bands\/images\/BluesInWijk\/Sponsoren\/New\/makelaar_patty_van_rooijen.png\" alt=\"Makelaarskantoor Patty van Rooijen\" width=\"325\" height=\"150\" \/><\/a><\/p>\n<p><a href=\"http:\/\/www.beyondoffice.nl:\/\/\"><img loading=\"lazy\" decoding=\"async\" class=\"alignnone wp-image-4588 size-medium\" src=\"https:\/\/bluesinwijk.nl\/wp-content\/uploads\/2020\/12\/Beyond-Office-regenbooglogo-GROOT-300x168.jpg\" alt=\"\" width=\"300\" height=\"168\" srcset=\"https:\/\/bluesinwijk.nl\/wp-content\/uploads\/2020\/12\/Beyond-Office-regenbooglogo-GROOT-300x168.jpg 300w, https:\/\/bluesinwijk.nl\/wp-content\/uploads\/2020\/12\/Beyond-Office-regenbooglogo-GROOT-1024x574.jpg 1024w, https:\/\/bluesinwijk.nl\/wp-content\/uploads\/2020\/12\/Beyond-Office-regenbooglogo-GROOT-768x430.jpg 768w, https:\/\/bluesinwijk.nl\/wp-content\/uploads\/2020\/12\/Beyond-Office-regenbooglogo-GROOT-1536x860.jpg 1536w, https:\/\/bluesinwijk.nl\/wp-content\/uploads\/2020\/12\/Beyond-Office-regenbooglogo-GROOT-2048x1147.jpg 2048w\" sizes=\"(max-width: 300px) 100vw, 300px\" \/><\/a><\/p>\n<p><a href=\"https:\/\/www.feenstrarijnlijn.nl\/cruises\/?gclid=CjwKCAiAt9z-BRBCEiwA_bWv-Lt_G9_9Io78q8tt40QIGHWr9dOenxKhzcQ2I-T6BW4G2NVUtqFDkhoCY5oQAvD_BwE\"><img loading=\"lazy\" decoding=\"async\" class=\"alignnone wp-image-4589 size-medium\" src=\"https:\/\/bluesinwijk.nl\/wp-content\/uploads\/2020\/12\/feenstra-300x75.png\" alt=\"\" width=\"300\" height=\"75\" srcset=\"https:\/\/bluesinwijk.nl\/wp-content\/uploads\/2020\/12\/feenstra-300x75.png 300w, https:\/\/bluesinwijk.nl\/wp-content\/uploads\/2020\/12\/feenstra-768x191.png 768w, https:\/\/bluesinwijk.nl\/wp-content\/uploads\/2020\/12\/feenstra.png 993w\" sizes=\"(max-width: 300px) 100vw, 300px\" \/><\/a><\/p>\n","protected":false},"excerpt":{"rendered":"<p>BLUESinWIJK is supported by more than 20 sponsors in the form of individuals, organisations and companies providing financial and\/or material assistance such as printing, graphic design, communication and advertising advice, housing, financial and administrative advice and assistance, website construction and support.\u00a0Sponsors appear with their logo and a link to their own website on our sponsor &hellip; <\/p>\n<p class=\"link-more\"><a href=\"https:\/\/bluesinwijk.nl\/en\/sponsors\/\" class=\"more-link\">Continue reading<span class=\"screen-reader-text\"> &#8220;Sponsors&#8221;<\/span><\/a><\/p>\n","protected":false},"author":1,"featured_media":0,"parent":0,"menu_order":10,"comment_status":"closed","ping_status":"closed","template":"","meta":{"_acf_changed":false,"_monsterinsights_skip_tracking":false,"_monsterinsights_sitenote_active":false,"_monsterinsights_sitenote_note":"","_monsterinsights_sitenote_category":0,"footnotes":""},"class_list":["post-4604","page","type-page","status-publish","hentry"],"acf":[],"yoast_head":"<!-- This site is optimized with the Yoast SEO plugin v27.3 - https:\/\/yoast.com\/product\/yoast-seo-wordpress\/ -->\n<title>Sponsors - BluesinWijk<\/title>\n<meta name=\"robots\" content=\"index, follow, max-snippet:-1, max-image-preview:large, max-video-preview:-1\" \/>\n<link rel=\"canonical\" href=\"https:\/\/bluesinwijk.nl\/en\/sponsors\/\" \/>\n<meta property=\"og:locale\" content=\"en_US\" \/>\n<meta property=\"og:type\" content=\"article\" \/>\n<meta property=\"og:title\" content=\"Sponsors - BluesinWijk\" \/>\n<meta property=\"og:description\" content=\"BLUESinWIJK is supported by more than 20 sponsors in the form of individuals, organisations and companies providing financial and\/or material assistance such as printing, graphic design, communication and advertising advice, housing, financial and administrative advice and assistance, website construction and support.\u00a0Sponsors appear with their logo and a link to their own website on our sponsor &hellip; Continue reading &quot;Sponsors&quot;\" \/>\n<meta property=\"og:url\" content=\"https:\/\/bluesinwijk.nl\/en\/sponsors\/\" \/>\n<meta property=\"og:site_name\" content=\"BluesinWijk\" \/>\n<meta property=\"article:modified_time\" content=\"2021-01-20T09:10:31+00:00\" \/>\n<meta property=\"og:image\" content=\"https:\/\/bluesinwijk.nl\/wp-content\/uploads\/2020\/12\/agri-parts-150x150.jpg\" \/>\n<meta name=\"twitter:card\" content=\"summary_large_image\" \/>\n<meta name=\"twitter:label1\" content=\"Est. reading time\" \/>\n\t<meta name=\"twitter:data1\" content=\"4 minutes\" \/>\n<script type=\"application\/ld+json\" class=\"yoast-schema-graph\">{\"@context\":\"https:\\\/\\\/schema.org\",\"@graph\":[{\"@type\":\"WebPage\",\"@id\":\"https:\\\/\\\/bluesinwijk.nl\\\/en\\\/sponsors\\\/\",\"url\":\"https:\\\/\\\/bluesinwijk.nl\\\/en\\\/sponsors\\\/\",\"name\":\"Sponsors - BluesinWijk\",\"isPartOf\":{\"@id\":\"https:\\\/\\\/bluesinwijk.nl\\\/en\\\/#website\"},\"primaryImageOfPage\":{\"@id\":\"https:\\\/\\\/bluesinwijk.nl\\\/en\\\/sponsors\\\/#primaryimage\"},\"image\":{\"@id\":\"https:\\\/\\\/bluesinwijk.nl\\\/en\\\/sponsors\\\/#primaryimage\"},\"thumbnailUrl\":\"https:\\\/\\\/bluesinwijk.nl\\\/wp-content\\\/uploads\\\/2020\\\/12\\\/agri-parts-150x150.jpg\",\"datePublished\":\"2021-01-08T12:20:59+00:00\",\"dateModified\":\"2021-01-20T09:10:31+00:00\",\"breadcrumb\":{\"@id\":\"https:\\\/\\\/bluesinwijk.nl\\\/en\\\/sponsors\\\/#breadcrumb\"},\"inLanguage\":\"en-US\",\"potentialAction\":[{\"@type\":\"ReadAction\",\"target\":[\"https:\\\/\\\/bluesinwijk.nl\\\/en\\\/sponsors\\\/\"]}]},{\"@type\":\"ImageObject\",\"inLanguage\":\"en-US\",\"@id\":\"https:\\\/\\\/bluesinwijk.nl\\\/en\\\/sponsors\\\/#primaryimage\",\"url\":\"https:\\\/\\\/bluesinwijk.nl\\\/wp-content\\\/uploads\\\/2020\\\/12\\\/agri-parts-150x150.jpg\",\"contentUrl\":\"https:\\\/\\\/bluesinwijk.nl\\\/wp-content\\\/uploads\\\/2020\\\/12\\\/agri-parts-150x150.jpg\"},{\"@type\":\"BreadcrumbList\",\"@id\":\"https:\\\/\\\/bluesinwijk.nl\\\/en\\\/sponsors\\\/#breadcrumb\",\"itemListElement\":[{\"@type\":\"ListItem\",\"position\":1,\"name\":\"Home\",\"item\":\"https:\\\/\\\/bluesinwijk.nl\\\/en\\\/\"},{\"@type\":\"ListItem\",\"position\":2,\"name\":\"Sponsors\"}]},{\"@type\":\"WebSite\",\"@id\":\"https:\\\/\\\/bluesinwijk.nl\\\/en\\\/#website\",\"url\":\"https:\\\/\\\/bluesinwijk.nl\\\/en\\\/\",\"name\":\"BluesinWijk\",\"description\":\"Blues in Wijk bij Duurstede (NL)\",\"publisher\":{\"@id\":\"https:\\\/\\\/bluesinwijk.nl\\\/en\\\/#organization\"},\"potentialAction\":[{\"@type\":\"SearchAction\",\"target\":{\"@type\":\"EntryPoint\",\"urlTemplate\":\"https:\\\/\\\/bluesinwijk.nl\\\/en\\\/?s={search_term_string}\"},\"query-input\":{\"@type\":\"PropertyValueSpecification\",\"valueRequired\":true,\"valueName\":\"search_term_string\"}}],\"inLanguage\":\"en-US\"},{\"@type\":\"Organization\",\"@id\":\"https:\\\/\\\/bluesinwijk.nl\\\/en\\\/#organization\",\"name\":\"Stichting Blues in Wijk\",\"url\":\"https:\\\/\\\/bluesinwijk.nl\\\/en\\\/\",\"logo\":{\"@type\":\"ImageObject\",\"inLanguage\":\"en-US\",\"@id\":\"https:\\\/\\\/bluesinwijk.nl\\\/en\\\/#\\\/schema\\\/logo\\\/image\\\/\",\"url\":\"https:\\\/\\\/bluesinwijk.nl\\\/wp-content\\\/uploads\\\/2020\\\/11\\\/logogrijs.png\",\"contentUrl\":\"https:\\\/\\\/bluesinwijk.nl\\\/wp-content\\\/uploads\\\/2020\\\/11\\\/logogrijs.png\",\"width\":255,\"height\":188,\"caption\":\"Stichting Blues in Wijk\"},\"image\":{\"@id\":\"https:\\\/\\\/bluesinwijk.nl\\\/en\\\/#\\\/schema\\\/logo\\\/image\\\/\"}}]}<\/script>\n<!-- \/ Yoast SEO plugin. -->","yoast_head_json":{"title":"Sponsors - BluesinWijk","robots":{"index":"index","follow":"follow","max-snippet":"max-snippet:-1","max-image-preview":"max-image-preview:large","max-video-preview":"max-video-preview:-1"},"canonical":"https:\/\/bluesinwijk.nl\/en\/sponsors\/","og_locale":"en_US","og_type":"article","og_title":"Sponsors - BluesinWijk","og_description":"BLUESinWIJK is supported by more than 20 sponsors in the form of individuals, organisations and companies providing financial and\/or material assistance such as printing, graphic design, communication and advertising advice, housing, financial and administrative advice and assistance, website construction and support.\u00a0Sponsors appear with their logo and a link to their own website on our sponsor &hellip; Continue reading \"Sponsors\"","og_url":"https:\/\/bluesinwijk.nl\/en\/sponsors\/","og_site_name":"BluesinWijk","article_modified_time":"2021-01-20T09:10:31+00:00","og_image":[{"url":"https:\/\/bluesinwijk.nl\/wp-content\/uploads\/2020\/12\/agri-parts-150x150.jpg","type":"","width":"","height":""}],"twitter_card":"summary_large_image","twitter_misc":{"Est. reading time":"4 minutes"},"schema":{"@context":"https:\/\/schema.org","@graph":[{"@type":"WebPage","@id":"https:\/\/bluesinwijk.nl\/en\/sponsors\/","url":"https:\/\/bluesinwijk.nl\/en\/sponsors\/","name":"Sponsors - BluesinWijk","isPartOf":{"@id":"https:\/\/bluesinwijk.nl\/en\/#website"},"primaryImageOfPage":{"@id":"https:\/\/bluesinwijk.nl\/en\/sponsors\/#primaryimage"},"image":{"@id":"https:\/\/bluesinwijk.nl\/en\/sponsors\/#primaryimage"},"thumbnailUrl":"https:\/\/bluesinwijk.nl\/wp-content\/uploads\/2020\/12\/agri-parts-150x150.jpg","datePublished":"2021-01-08T12:20:59+00:00","dateModified":"2021-01-20T09:10:31+00:00","breadcrumb":{"@id":"https:\/\/bluesinwijk.nl\/en\/sponsors\/#breadcrumb"},"inLanguage":"en-US","potentialAction":[{"@type":"ReadAction","target":["https:\/\/bluesinwijk.nl\/en\/sponsors\/"]}]},{"@type":"ImageObject","inLanguage":"en-US","@id":"https:\/\/bluesinwijk.nl\/en\/sponsors\/#primaryimage","url":"https:\/\/bluesinwijk.nl\/wp-content\/uploads\/2020\/12\/agri-parts-150x150.jpg","contentUrl":"https:\/\/bluesinwijk.nl\/wp-content\/uploads\/2020\/12\/agri-parts-150x150.jpg"},{"@type":"BreadcrumbList","@id":"https:\/\/bluesinwijk.nl\/en\/sponsors\/#breadcrumb","itemListElement":[{"@type":"ListItem","position":1,"name":"Home","item":"https:\/\/bluesinwijk.nl\/en\/"},{"@type":"ListItem","position":2,"name":"Sponsors"}]},{"@type":"WebSite","@id":"https:\/\/bluesinwijk.nl\/en\/#website","url":"https:\/\/bluesinwijk.nl\/en\/","name":"BluesinWijk","description":"Blues in Wijk bij Duurstede (NL)","publisher":{"@id":"https:\/\/bluesinwijk.nl\/en\/#organization"},"potentialAction":[{"@type":"SearchAction","target":{"@type":"EntryPoint","urlTemplate":"https:\/\/bluesinwijk.nl\/en\/?s={search_term_string}"},"query-input":{"@type":"PropertyValueSpecification","valueRequired":true,"valueName":"search_term_string"}}],"inLanguage":"en-US"},{"@type":"Organization","@id":"https:\/\/bluesinwijk.nl\/en\/#organization","name":"Stichting Blues in Wijk","url":"https:\/\/bluesinwijk.nl\/en\/","logo":{"@type":"ImageObject","inLanguage":"en-US","@id":"https:\/\/bluesinwijk.nl\/en\/#\/schema\/logo\/image\/","url":"https:\/\/bluesinwijk.nl\/wp-content\/uploads\/2020\/11\/logogrijs.png","contentUrl":"https:\/\/bluesinwijk.nl\/wp-content\/uploads\/2020\/11\/logogrijs.png","width":255,"height":188,"caption":"Stichting Blues in Wijk"},"image":{"@id":"https:\/\/bluesinwijk.nl\/en\/#\/schema\/logo\/image\/"}}]}},"_links":{"self":[{"href":"https:\/\/bluesinwijk.nl\/en\/wp-json\/wp\/v2\/pages\/4604","targetHints":{"allow":["GET"]}}],"collection":[{"href":"https:\/\/bluesinwijk.nl\/en\/wp-json\/wp\/v2\/pages"}],"about":[{"href":"https:\/\/bluesinwijk.nl\/en\/wp-json\/wp\/v2\/types\/page"}],"author":[{"embeddable":true,"href":"https:\/\/bluesinwijk.nl\/en\/wp-json\/wp\/v2\/users\/1"}],"replies":[{"embeddable":true,"href":"https:\/\/bluesinwijk.nl\/en\/wp-json\/wp\/v2\/comments?post=4604"}],"version-history":[{"count":0,"href":"https:\/\/bluesinwijk.nl\/en\/wp-json\/wp\/v2\/pages\/4604\/revisions"}],"wp:attachment":[{"href":"https:\/\/bluesinwijk.nl\/en\/wp-json\/wp\/v2\/media?parent=4604"}],"curies":[{"name":"wp","href":"https:\/\/api.w.org\/{rel}","templated":true}]}}